{"id":2447,"date":"2025-08-04T09:04:12","date_gmt":"2025-08-04T13:04:12","guid":{"rendered":"https:\/\/staging2024.cherryriver.ca\/our-history\/"},"modified":"2025-08-04T09:36:06","modified_gmt":"2025-08-04T13:36:06","slug":"our-history","status":"publish","type":"page","link":"https:\/\/cherryriver.ca\/en\/our-history\/","title":{"rendered":"Our history"},"content":{"rendered":"\n<div class=\"wp-block-cover\" style=\"min-height:900px;aspect-ratio:unset;\"><img loading=\"lazy\" decoding=\"async\" width=\"1024\" height=\"683\" class=\"wp-block-cover__image-background wp-image-2406 size-large\" alt=\"\" src=\"https:\/\/cherryriver.ca\/wp-content\/uploads\/2025\/08\/MArc-Et-Cherry-1024x683.png\" style=\"object-position:50% 32%\" data-object-fit=\"cover\" data-object-position=\"50% 32%\" srcset=\"https:\/\/cherryriver.ca\/wp-content\/uploads\/2025\/08\/MArc-Et-Cherry-1024x683.png 1024w, https:\/\/cherryriver.ca\/wp-content\/uploads\/2025\/08\/MArc-Et-Cherry-300x200.png 300w, https:\/\/cherryriver.ca\/wp-content\/uploads\/2025\/08\/MArc-Et-Cherry-768x512.png 768w, https:\/\/cherryriver.ca\/wp-content\/uploads\/2025\/08\/MArc-Et-Cherry-1536x1024.png 1536w, https:\/\/cherryriver.ca\/wp-content\/uploads\/2025\/08\/MArc-Et-Cherry-800x533.png 800w, https:\/\/cherryriver.ca\/wp-content\/uploads\/2025\/08\/MArc-Et-Cherry-600x400.png 600w, https:\/\/cherryriver.ca\/wp-content\/uploads\/2025\/08\/MArc-Et-Cherry.png 1920w\" sizes=\"auto, (max-width: 1024px) 100vw, 1024px\" \/><span aria-hidden=\"true\" class=\"wp-block-cover__background has-background-dim\" style=\"background-color:#4f2f17\"><\/span><div class=\"wp-block-cover__inner-container is-layout-constrained wp-container-core-cover-is-layout-6cdbe752 wp-block-cover-is-layout-constrained\">\n<p class=\"has-text-align-center has-large-font-size\"><\/p>\n<\/div><\/div>\n\n<div class=\"wp-block-group is-layout-constrained wp-block-group-is-layout-constrained\">\n<h2 class=\"wp-block-heading\" id=\"h-marc-dupre-lance-la-nouvelle-distillerie-cherry-river\" style=\"margin-top:var(--wp--preset--spacing--40);margin-right:var(--wp--preset--spacing--05-small-container);margin-bottom:var(--wp--preset--spacing--40);margin-left:var(--wp--preset--spacing--05-small-container)\">Marc Dupr\u00e9 launches the new Cherry River distillery<\/h2>\n\n\n\n<div class=\"wp-block-columns is-layout-flex wp-container-core-columns-is-layout-b6100464 wp-block-columns-is-layout-flex\">\n<div class=\"wp-block-column is-layout-flow wp-block-column-is-layout-flow\" style=\"flex-basis:33.33%\">\n<figure class=\"wp-block-image size-full\"><img loading=\"lazy\" decoding=\"async\" width=\"620\" height=\"930\" src=\"https:\/\/cherryriver.ca\/wp-content\/uploads\/2025\/08\/Marc_gin-mai.png\" alt=\"\" class=\"wp-image-2424\" srcset=\"https:\/\/cherryriver.ca\/wp-content\/uploads\/2025\/08\/Marc_gin-mai.png 620w, https:\/\/cherryriver.ca\/wp-content\/uploads\/2025\/08\/Marc_gin-mai-200x300.png 200w, https:\/\/cherryriver.ca\/wp-content\/uploads\/2025\/08\/Marc_gin-mai-533x800.png 533w, https:\/\/cherryriver.ca\/wp-content\/uploads\/2025\/08\/Marc_gin-mai-600x900.png 600w\" sizes=\"auto, (max-width: 620px) 100vw, 620px\" \/><\/figure>\n<\/div>\n\n\n\n<div class=\"wp-block-column is-layout-flow wp-block-column-is-layout-flow\" style=\"flex-basis:66.66%\">\n<p><strong>Marc Dupr\u00e9, the singer-songwriter, adds another string to his bow as he is now an artisan co-producer and manufacturer of spirits, developed and manufactured here in Quebec and available on the shelves of Soci\u00e9t\u00e9 des Alcools du Qu\u00e9bec (SAQ) branches as well as in nearly 1,500 convenience stores and grocery stores.<\/strong><\/p>\n\n\n\n<p><strong>The reasons behind the Cherry River adventure<\/strong><\/p>\n\n\n\n<p>\u201cThe reason I decided to move forward with our microdistillery project is quite simple. For me, Cherry River, like music, brings together my greatest passions, my deep desire to create and celebrate life, to bring together the people I love: my family, my friends, my colleagues around products that I take great pleasure in creating. I wanted to showcase local resources and know-how. I am proud to produce locally\u2026 It\u2019s part of me.\u201d \u2014 Marc Dupr\u00e9<\/p>\n\n\n\n<p><strong>Passionate partners <\/strong><\/p>\n\n\n\n<p>Cherry River was born from a long-standing friendship, an alliance built on respect and perseverance. In fact, the partners who run it together make much more than just spirits\u2014the artist Marc Dupr\u00e9 is a partner with its manager, Francis Delage. Besides music, the friends also share other passions: enjoying life, drinking well, and eating well. So, through dreaming about it, they were inspired by all the diversity available to them, and the pleasures of tasting products from various origins gave rise to the idea of founding their microdistillery. A universe of flavors and processes presented itself, which, over time, allowed them to gain experience and identify the nature of the products they wanted to create and manufacture.    <\/p>\n<\/div>\n<\/div>\n\n\n\n<h2 class=\"wp-block-heading\" id=\"h-entrevue-questions-reponses\" style=\"margin-top:var(--wp--preset--spacing--30);margin-bottom:var(--wp--preset--spacing--30)\">Interview questions and answers<\/h2>\n\n\n\n<div class=\"wp-block-columns is-layout-flex wp-container-core-columns-is-layout-28f84493 wp-block-columns-is-layout-flex\">\n<div class=\"wp-block-column is-layout-flow wp-block-column-is-layout-flow\" style=\"flex-basis:66.66%\">\n<p><strong>Marc, why did you choose the village of Cherry River and Mont-Orford? What drew you to the Eastern Townships region or this village in particular?<\/strong><\/p>\n\n\n\n<p>\u201cWe had been researching for over 5 years to create the perfect product, because we knew that, to produce a high-quality vodka, water quality was a key ingredient. We also knew that Quebec is very rich in water, so we hoped to find the best possible water in a region that we found dynamic and inspiring and where it would be possible to establish our artisanal microdistillery. Coincidentally, some of our group members were from the village of Cherry River, renowned for the quality of its water, so we collected samples to see what we could get out of it. It was a nice surprise, it was really exciting because the results were more than conclusive and exceeded all our expectations. That&#8217;s how the pure, crystal-clear water that comes from the underground springs of the small village of Cherry River, water of incomparable quality, became the one that would allow us to craft our new vodka.\u201d<\/p>\n\n\n\n<p><strong>When exactly did you discover your passion for microdistillery and Quebec spirits?<\/strong><\/p>\n\n\n\n<p>\u201cOver the past few years, it was my manager and his son who introduced me to the world of spirits. They shared their passion with me by explaining the basics of the profession, or rather, of this art and all its possibilities. During product development, I had the chance to participate in meetings and contribute to discussions by giving my opinion throughout the creative process involved in distilling spirits. I was hooked and it gave me the desire to get really involved. It\u2019s very exciting because it\u2019s a booming industry, for which the public is there in a philosophy that aspires to drink less, but better. Recently, we decided to try and taste some great products produced by other artisans in the province. It was so inspiring and it reinforced my desire to create and participate in the birth of our small business.\u201d Now, since the beginning of the adventure, we have not stopped working on derivative products, vodka remaining the leading element of ranges of local products which will see the light of day shortly&#8230; In fact, it&#8217;s a start and it&#8217;s really exciting.&#8221;<\/p>\n\n\n\n<p><strong>Can you give us a taste of what&#8217;s in store for us, in terms of the new products that will be made from Cherry River vodka and will soon be available to the public?<\/strong><\/p>\n\n\n\n<p>&#8220;Without revealing all our little secrets, the Cherry River Microdistillery will soon have a new spirit on the shelves of the SAQ, a vodka made from authentic maple syrup from local producers. It&#8217;s a fine vodka with a subtle taste that&#8217;s worth tasting. It&#8217;s made with premium natural ingredients and has already been approved and ordered by the SAQ. It should normally appear in stores around the end of July. Other Cherry River vodka-based products will also be unveiled in the near future, but I&#8217;m holding back and keeping it a surprise for those who love this type of product.<\/p>\n\n\n\n<p><strong>What do spirits mean to you, Marc; and how are they a part of your life?<\/strong><\/p>\n\n\n\n<p>\u201cYou know, I love surrounding myself and taking care of the people I love, spoiling them. For me and a majority of Quebecers, I believe, taking the time to welcome people into our homes, sipping a drink with them, making them laugh and preparing a good meal for them are some of the things we love to do and that make us happy. I feel that here in Quebec, we have a great sense of hospitality. Life is short, we have to enjoy our family, our friends and fully savor the present moment. Spirits offer us a great way to do that, in good company, we have fun creating to suit people&#8217;s tastes, the season or the event, there are so many possibilities.    <\/p>\n\n\n\n<p>That&#8217;s kind of the idea we had in mind when we offered our new range of products, we wanted to allow people to be inspired by &#8220;bartending&#8221;, to dare and to concoct delicious cocktails with top-quality products. For us, it was a very simple way to please the people we love.&#8221;<\/p>\n\n\n\n<p><strong>Les 2Fr\u00e8res, a Canadian folk group, worked in collaboration with the Cherry River distillery to create Op\u00e9miska gin.<\/strong><\/p>\n\n\n\n<p>Gin Bor\u00e9al Op\u00e9miska offers its version of a classic inspired by the region of Chapais-Chibougamau, just north of the 49th parallel. A natural and wild corner of the country, with a subarctic climate, bordered by lakes and rivers, where the flora of the boreal forest offers its aromas for the delight of epicureans. Gin Bor\u00e9al Op\u00e9miska is born from a marriage of the traditional juniper berry with the aromatics of the Chapais region, such as dune pepper, sweet gale, wild raspberry leaf, and young balsam fir shoots. Refreshing, lively, and herbaceous from Northern Quebec, Gin Op\u00e9miska Bor\u00e9al takes its name from Lake Op\u00e9miska in Chapais, a word of Native American origin that has various meanings depending on the Algonquian language to which it refers. In Cree, it means \u201cthe lake of the sandy narrows.\u201d    <\/p>\n<\/div>\n\n\n\n<div class=\"wp-block-column is-layout-flow wp-block-column-is-layout-flow\" style=\"flex-basis:33.33%\">\n<figure class=\"wp-block-image size-large\"><img loading=\"lazy\" decoding=\"async\" width=\"683\" height=\"1024\" src=\"https:\/\/cherryriver.ca\/wp-content\/uploads\/2025\/08\/CherryRiverLoup-683x1024.png\" alt=\"\" class=\"wp-image-2427\" srcset=\"https:\/\/cherryriver.ca\/wp-content\/uploads\/2025\/08\/CherryRiverLoup-683x1024.png 683w, https:\/\/cherryriver.ca\/wp-content\/uploads\/2025\/08\/CherryRiverLoup-200x300.png 200w, https:\/\/cherryriver.ca\/wp-content\/uploads\/2025\/08\/CherryRiverLoup-768x1152.png 768w, https:\/\/cherryriver.ca\/wp-content\/uploads\/2025\/08\/CherryRiverLoup-533x800.png 533w, https:\/\/cherryriver.ca\/wp-content\/uploads\/2025\/08\/CherryRiverLoup-600x900.png 600w, https:\/\/cherryriver.ca\/wp-content\/uploads\/2025\/08\/CherryRiverLoup.png 800w\" sizes=\"auto, (max-width: 683px) 100vw, 683px\" \/><\/figure>\n<\/div>\n<\/div>\n<\/div>\n","protected":false},"excerpt":{"rendered":"<p>Marc Dupr\u00e9 launches the new Cherry River distillery Marc Dupr\u00e9, the singer-songwriter, adds another string to his bow as he is now an artisan co-producer and manufacturer of spirits, developed and manufactured here in Quebec and available on the shelves of Soci\u00e9t\u00e9 des Alcools du Qu\u00e9bec (SAQ) branches as well as in nearly 1,500 convenience&#8230;<\/p>\n","protected":false},"author":1,"featured_media":0,"parent":0,"menu_order":0,"comment_status":"closed","ping_status":"closed","template":"","meta":{"_acf_changed":false,"footnotes":""},"class_list":["post-2447","page","type-page","status-publish","hentry"],"acf":[],"yoast_head":"<!-- This site is optimized with the Yoast SEO Premium plugin v27.2 (Yoast SEO v27.4) - https:\/\/yoast.com\/product\/yoast-seo-premium-wordpress\/ -->\n<title>Our history - Cherry River<\/title>\n<meta name=\"robots\" content=\"index, follow, max-snippet:-1, max-image-preview:large, max-video-preview:-1\" \/>\n<link rel=\"canonical\" href=\"https:\/\/cherryriver.ca\/en\/our-history\/\" \/>\n<meta property=\"og:locale\" content=\"en_US\" \/>\n<meta property=\"og:type\" content=\"article\" \/>\n<meta property=\"og:title\" content=\"Our history\" \/>\n<meta property=\"og:description\" content=\"Marc Dupr\u00e9 launches the new Cherry River distillery Marc Dupr\u00e9, the singer-songwriter, adds another string to his bow as he is now an artisan co-producer and manufacturer of spirits, developed and manufactured here in Quebec and available on the shelves of Soci\u00e9t\u00e9 des Alcools du Qu\u00e9bec (SAQ) branches as well as in nearly 1,500 convenience...\" \/>\n<meta property=\"og:url\" content=\"https:\/\/cherryriver.ca\/en\/our-history\/\" \/>\n<meta property=\"og:site_name\" content=\"Cherry River\" \/>\n<meta property=\"article:modified_time\" content=\"2025-08-04T13:36:06+00:00\" \/>\n<meta property=\"og:image\" content=\"https:\/\/cherryriver.ca\/wp-content\/uploads\/2025\/08\/MArc-Et-Cherry-1024x683.png\" \/>\n<meta name=\"twitter:card\" content=\"summary_large_image\" \/>\n<meta name=\"twitter:label1\" content=\"Est. reading time\" \/>\n\t<meta name=\"twitter:data1\" content=\"6 minutes\" \/>\n<script type=\"application\/ld+json\" class=\"yoast-schema-graph\">{\"@context\":\"https:\\\/\\\/schema.org\",\"@graph\":[{\"@type\":\"WebPage\",\"@id\":\"https:\\\/\\\/cherryriver.ca\\\/en\\\/our-history\\\/\",\"url\":\"https:\\\/\\\/cherryriver.ca\\\/en\\\/our-history\\\/\",\"name\":\"Our history - Cherry River\",\"isPartOf\":{\"@id\":\"https:\\\/\\\/cherryriver.ca\\\/en\\\/#website\"},\"primaryImageOfPage\":{\"@id\":\"https:\\\/\\\/cherryriver.ca\\\/en\\\/our-history\\\/#primaryimage\"},\"image\":{\"@id\":\"https:\\\/\\\/cherryriver.ca\\\/en\\\/our-history\\\/#primaryimage\"},\"thumbnailUrl\":\"https:\\\/\\\/cherryriver.ca\\\/wp-content\\\/uploads\\\/2025\\\/08\\\/MArc-Et-Cherry-1024x683.png\",\"datePublished\":\"2025-08-04T13:04:12+00:00\",\"dateModified\":\"2025-08-04T13:36:06+00:00\",\"breadcrumb\":{\"@id\":\"https:\\\/\\\/cherryriver.ca\\\/en\\\/our-history\\\/#breadcrumb\"},\"inLanguage\":\"en-US\",\"potentialAction\":[{\"@type\":\"ReadAction\",\"target\":[\"https:\\\/\\\/cherryriver.ca\\\/en\\\/our-history\\\/\"]}]},{\"@type\":\"ImageObject\",\"inLanguage\":\"en-US\",\"@id\":\"https:\\\/\\\/cherryriver.ca\\\/en\\\/our-history\\\/#primaryimage\",\"url\":\"https:\\\/\\\/cherryriver.ca\\\/wp-content\\\/uploads\\\/2025\\\/08\\\/MArc-Et-Cherry-1024x683.png\",\"contentUrl\":\"https:\\\/\\\/cherryriver.ca\\\/wp-content\\\/uploads\\\/2025\\\/08\\\/MArc-Et-Cherry-1024x683.png\"},{\"@type\":\"BreadcrumbList\",\"@id\":\"https:\\\/\\\/cherryriver.ca\\\/en\\\/our-history\\\/#breadcrumb\",\"itemListElement\":[{\"@type\":\"ListItem\",\"position\":1,\"name\":\"Accueil\",\"item\":\"https:\\\/\\\/cherryriver.ca\\\/en\\\/\"},{\"@type\":\"ListItem\",\"position\":2,\"name\":\"Our history\"}]},{\"@type\":\"WebSite\",\"@id\":\"https:\\\/\\\/cherryriver.ca\\\/en\\\/#website\",\"url\":\"https:\\\/\\\/cherryriver.ca\\\/en\\\/\",\"name\":\"Cherry River\",\"description\":\"Distillerie \u00e0 Magog et Qu\u00e9bec\",\"publisher\":{\"@id\":\"https:\\\/\\\/cherryriver.ca\\\/en\\\/#organization\"},\"potentialAction\":[{\"@type\":\"SearchAction\",\"target\":{\"@type\":\"EntryPoint\",\"urlTemplate\":\"https:\\\/\\\/cherryriver.ca\\\/en\\\/?s={search_term_string}\"},\"query-input\":{\"@type\":\"PropertyValueSpecification\",\"valueRequired\":true,\"valueName\":\"search_term_string\"}}],\"inLanguage\":\"en-US\"},{\"@type\":\"Organization\",\"@id\":\"https:\\\/\\\/cherryriver.ca\\\/en\\\/#organization\",\"name\":\"Cherry River\",\"url\":\"https:\\\/\\\/cherryriver.ca\\\/en\\\/\",\"logo\":{\"@type\":\"ImageObject\",\"inLanguage\":\"en-US\",\"@id\":\"https:\\\/\\\/cherryriver.ca\\\/en\\\/#\\\/schema\\\/logo\\\/image\\\/\",\"url\":\"https:\\\/\\\/cherryriver.ca\\\/wp-content\\\/uploads\\\/2025\\\/01\\\/cherry-river-logo-blanc.svg\",\"contentUrl\":\"https:\\\/\\\/cherryriver.ca\\\/wp-content\\\/uploads\\\/2025\\\/01\\\/cherry-river-logo-blanc.svg\",\"width\":2709,\"height\":697,\"caption\":\"Cherry River\"},\"image\":{\"@id\":\"https:\\\/\\\/cherryriver.ca\\\/en\\\/#\\\/schema\\\/logo\\\/image\\\/\"}}]}<\/script>\n<!-- \/ Yoast SEO Premium plugin. -->","yoast_head_json":{"title":"Our history - Cherry River","robots":{"index":"index","follow":"follow","max-snippet":"max-snippet:-1","max-image-preview":"max-image-preview:large","max-video-preview":"max-video-preview:-1"},"canonical":"https:\/\/cherryriver.ca\/en\/our-history\/","og_locale":"en_US","og_type":"article","og_title":"Our history","og_description":"Marc Dupr\u00e9 launches the new Cherry River distillery Marc Dupr\u00e9, the singer-songwriter, adds another string to his bow as he is now an artisan co-producer and manufacturer of spirits, developed and manufactured here in Quebec and available on the shelves of Soci\u00e9t\u00e9 des Alcools du Qu\u00e9bec (SAQ) branches as well as in nearly 1,500 convenience...","og_url":"https:\/\/cherryriver.ca\/en\/our-history\/","og_site_name":"Cherry River","article_modified_time":"2025-08-04T13:36:06+00:00","og_image":[{"url":"https:\/\/cherryriver.ca\/wp-content\/uploads\/2025\/08\/MArc-Et-Cherry-1024x683.png","type":"","width":"","height":""}],"twitter_card":"summary_large_image","twitter_misc":{"Est. reading time":"6 minutes"},"schema":{"@context":"https:\/\/schema.org","@graph":[{"@type":"WebPage","@id":"https:\/\/cherryriver.ca\/en\/our-history\/","url":"https:\/\/cherryriver.ca\/en\/our-history\/","name":"Our history - Cherry River","isPartOf":{"@id":"https:\/\/cherryriver.ca\/en\/#website"},"primaryImageOfPage":{"@id":"https:\/\/cherryriver.ca\/en\/our-history\/#primaryimage"},"image":{"@id":"https:\/\/cherryriver.ca\/en\/our-history\/#primaryimage"},"thumbnailUrl":"https:\/\/cherryriver.ca\/wp-content\/uploads\/2025\/08\/MArc-Et-Cherry-1024x683.png","datePublished":"2025-08-04T13:04:12+00:00","dateModified":"2025-08-04T13:36:06+00:00","breadcrumb":{"@id":"https:\/\/cherryriver.ca\/en\/our-history\/#breadcrumb"},"inLanguage":"en-US","potentialAction":[{"@type":"ReadAction","target":["https:\/\/cherryriver.ca\/en\/our-history\/"]}]},{"@type":"ImageObject","inLanguage":"en-US","@id":"https:\/\/cherryriver.ca\/en\/our-history\/#primaryimage","url":"https:\/\/cherryriver.ca\/wp-content\/uploads\/2025\/08\/MArc-Et-Cherry-1024x683.png","contentUrl":"https:\/\/cherryriver.ca\/wp-content\/uploads\/2025\/08\/MArc-Et-Cherry-1024x683.png"},{"@type":"BreadcrumbList","@id":"https:\/\/cherryriver.ca\/en\/our-history\/#breadcrumb","itemListElement":[{"@type":"ListItem","position":1,"name":"Accueil","item":"https:\/\/cherryriver.ca\/en\/"},{"@type":"ListItem","position":2,"name":"Our history"}]},{"@type":"WebSite","@id":"https:\/\/cherryriver.ca\/en\/#website","url":"https:\/\/cherryriver.ca\/en\/","name":"Cherry River","description":"Distillerie \u00e0 Magog et Qu\u00e9bec","publisher":{"@id":"https:\/\/cherryriver.ca\/en\/#organization"},"potentialAction":[{"@type":"SearchAction","target":{"@type":"EntryPoint","urlTemplate":"https:\/\/cherryriver.ca\/en\/?s={search_term_string}"},"query-input":{"@type":"PropertyValueSpecification","valueRequired":true,"valueName":"search_term_string"}}],"inLanguage":"en-US"},{"@type":"Organization","@id":"https:\/\/cherryriver.ca\/en\/#organization","name":"Cherry River","url":"https:\/\/cherryriver.ca\/en\/","logo":{"@type":"ImageObject","inLanguage":"en-US","@id":"https:\/\/cherryriver.ca\/en\/#\/schema\/logo\/image\/","url":"https:\/\/cherryriver.ca\/wp-content\/uploads\/2025\/01\/cherry-river-logo-blanc.svg","contentUrl":"https:\/\/cherryriver.ca\/wp-content\/uploads\/2025\/01\/cherry-river-logo-blanc.svg","width":2709,"height":697,"caption":"Cherry River"},"image":{"@id":"https:\/\/cherryriver.ca\/en\/#\/schema\/logo\/image\/"}}]}},"_links":{"self":[{"href":"https:\/\/cherryriver.ca\/en\/wp-json\/wp\/v2\/pages\/2447","targetHints":{"allow":["GET"]}}],"collection":[{"href":"https:\/\/cherryriver.ca\/en\/wp-json\/wp\/v2\/pages"}],"about":[{"href":"https:\/\/cherryriver.ca\/en\/wp-json\/wp\/v2\/types\/page"}],"author":[{"embeddable":true,"href":"https:\/\/cherryriver.ca\/en\/wp-json\/wp\/v2\/users\/1"}],"replies":[{"embeddable":true,"href":"https:\/\/cherryriver.ca\/en\/wp-json\/wp\/v2\/comments?post=2447"}],"version-history":[{"count":2,"href":"https:\/\/cherryriver.ca\/en\/wp-json\/wp\/v2\/pages\/2447\/revisions"}],"predecessor-version":[{"id":2449,"href":"https:\/\/cherryriver.ca\/en\/wp-json\/wp\/v2\/pages\/2447\/revisions\/2449"}],"wp:attachment":[{"href":"https:\/\/cherryriver.ca\/en\/wp-json\/wp\/v2\/media?parent=2447"}],"curies":[{"name":"wp","href":"https:\/\/api.w.org\/{rel}","templated":true}]}}