{"id":2130,"date":"2025-05-01T13:16:59","date_gmt":"2025-05-01T17:16:59","guid":{"rendered":"https:\/\/staging2024.cherryriver.ca\/?post_type=product&#038;p=2130"},"modified":"2025-07-08T14:58:34","modified_gmt":"2025-07-08T18:58:34","slug":"club-soda","status":"publish","type":"product","link":"https:\/\/cherryriver.ca\/en\/produit\/club-soda\/","title":{"rendered":"Club Soda"},"content":{"rendered":"","protected":false},"excerpt":{"rendered":"<div>Rafra\u00eechissez vos moments avec le Club Soda Cherry River. Une eau gaz\u00e9ifi\u00e9e pure et vive, aux bulles fines et persistantes. Parfait pour allonger vos spiritueux pr\u00e9f\u00e9r\u00e9s, cr\u00e9er des cocktails p\u00e9tillants ou simplement pour une hydratation l\u00e9g\u00e8re et d\u00e9salt\u00e9rante.<\/div>\n<div><\/div>\n","protected":false},"featured_media":2131,"template":"","meta":{"_acf_changed":false},"product_brand":[],"product_cat":[469],"product_tag":[],"class_list":{"0":"post-2130","1":"product","2":"type-product","3":"status-publish","4":"has-post-thumbnail","6":"product_cat-allongeurs-petillants","8":"first","9":"instock","10":"taxable","11":"shipping-taxable","12":"purchasable","13":"product-type-simple"},"acf":[],"yoast_head":"<!-- This site is optimized with the Yoast SEO Premium plugin v27.2 (Yoast SEO v27.3) - https:\/\/yoast.com\/product\/yoast-seo-premium-wordpress\/ -->\n<title>Club Soda Cherry River: Rafra\u00eechissez votre moment - Cherry River<\/title>\n<meta name=\"description\" content=\"Rafra\u00eechissez votre journ\u00e9e avec le Club Soda Cherry River, une eau p\u00e9tillante parfaite pour vos cocktails et moments de d\u00e9tente. D\u00e9gustez-le maintenant !\" \/>\n<meta name=\"robots\" content=\"index, follow, max-snippet:-1, max-image-preview:large, max-video-preview:-1\" \/>\n<link rel=\"canonical\" href=\"https:\/\/cherryriver.ca\/en\/produit\/club-soda\/\" \/>\n<meta property=\"og:locale\" content=\"en_US\" \/>\n<meta property=\"og:type\" content=\"article\" \/>\n<meta property=\"og:title\" content=\"Club Soda\" \/>\n<meta property=\"og:description\" content=\"Rafra\u00eechissez votre journ\u00e9e avec le Club Soda Cherry River, une eau p\u00e9tillante parfaite pour vos cocktails et moments de d\u00e9tente. D\u00e9gustez-le maintenant !\" \/>\n<meta property=\"og:url\" content=\"https:\/\/cherryriver.ca\/en\/produit\/club-soda\/\" \/>\n<meta property=\"og:site_name\" content=\"Cherry River\" \/>\n<meta property=\"article:modified_time\" content=\"2025-07-08T18:58:34+00:00\" \/>\n<meta property=\"og:image\" content=\"https:\/\/cherryriver.ca\/wp-content\/uploads\/2025\/05\/CherryRiver_200mL_ClubSoda-scaled.png\" \/>\n\t<meta property=\"og:image:width\" content=\"1038\" \/>\n\t<meta property=\"og:image:height\" content=\"2560\" \/>\n\t<meta property=\"og:image:type\" content=\"image\/png\" \/>\n<meta name=\"twitter:card\" content=\"summary_large_image\" \/>\n<meta name=\"twitter:label1\" content=\"Price\" \/>\n\t<meta name=\"twitter:data1\" content=\"&#036;8.99\" \/>\n\t<meta name=\"twitter:label2\" content=\"Availability\" \/>\n\t<meta name=\"twitter:data2\" content=\"In stock\" \/>\n<script type=\"application\/ld+json\" class=\"yoast-schema-graph\">{\"@context\":\"https:\\\/\\\/schema.org\",\"@graph\":[{\"@type\":\"WebPage\",\"@id\":\"https:\\\/\\\/cherryriver.ca\\\/en\\\/produit\\\/club-soda\\\/\",\"url\":\"https:\\\/\\\/cherryriver.ca\\\/en\\\/produit\\\/club-soda\\\/\",\"name\":\"Club Soda Cherry River: Rafra\u00eechissez votre moment - Cherry River\",\"isPartOf\":{\"@id\":\"https:\\\/\\\/cherryriver.ca\\\/en\\\/#website\"},\"primaryImageOfPage\":{\"@id\":\"https:\\\/\\\/cherryriver.ca\\\/en\\\/produit\\\/club-soda\\\/#primaryimage\"},\"image\":{\"@id\":\"https:\\\/\\\/cherryriver.ca\\\/en\\\/produit\\\/club-soda\\\/#primaryimage\"},\"thumbnailUrl\":\"https:\\\/\\\/cherryriver.ca\\\/wp-content\\\/uploads\\\/2025\\\/05\\\/CherryRiver_200mL_ClubSoda-scaled.png\",\"datePublished\":\"2025-05-01T17:16:59+00:00\",\"dateModified\":\"2025-07-08T18:58:34+00:00\",\"description\":\"Rafra\u00eechissez votre journ\u00e9e avec le Club Soda Cherry River, une eau p\u00e9tillante parfaite pour vos cocktails et moments de d\u00e9tente. D\u00e9gustez-le maintenant !\",\"breadcrumb\":{\"@id\":\"https:\\\/\\\/cherryriver.ca\\\/en\\\/produit\\\/club-soda\\\/#breadcrumb\"},\"inLanguage\":\"en-US\",\"potentialAction\":[{\"@type\":\"ReadAction\",\"target\":[\"https:\\\/\\\/cherryriver.ca\\\/en\\\/produit\\\/club-soda\\\/\"]}]},{\"@type\":\"ImageObject\",\"inLanguage\":\"en-US\",\"@id\":\"https:\\\/\\\/cherryriver.ca\\\/en\\\/produit\\\/club-soda\\\/#primaryimage\",\"url\":\"https:\\\/\\\/cherryriver.ca\\\/wp-content\\\/uploads\\\/2025\\\/05\\\/CherryRiver_200mL_ClubSoda-scaled.png\",\"contentUrl\":\"https:\\\/\\\/cherryriver.ca\\\/wp-content\\\/uploads\\\/2025\\\/05\\\/CherryRiver_200mL_ClubSoda-scaled.png\",\"width\":1038,\"height\":2560},{\"@type\":\"BreadcrumbList\",\"@id\":\"https:\\\/\\\/cherryriver.ca\\\/en\\\/produit\\\/club-soda\\\/#breadcrumb\",\"itemListElement\":[{\"@type\":\"ListItem\",\"position\":1,\"name\":\"Accueil\",\"item\":\"https:\\\/\\\/cherryriver.ca\\\/en\\\/\"},{\"@type\":\"ListItem\",\"position\":2,\"name\":\"Shop\",\"item\":\"https:\\\/\\\/cherryriver.ca\\\/en\\\/shop\\\/\"},{\"@type\":\"ListItem\",\"position\":3,\"name\":\"Club Soda\"}]},{\"@type\":\"WebSite\",\"@id\":\"https:\\\/\\\/cherryriver.ca\\\/en\\\/#website\",\"url\":\"https:\\\/\\\/cherryriver.ca\\\/en\\\/\",\"name\":\"Cherry River\",\"description\":\"Distillerie \u00e0 Magog et Qu\u00e9bec\",\"publisher\":{\"@id\":\"https:\\\/\\\/cherryriver.ca\\\/en\\\/#organization\"},\"potentialAction\":[{\"@type\":\"SearchAction\",\"target\":{\"@type\":\"EntryPoint\",\"urlTemplate\":\"https:\\\/\\\/cherryriver.ca\\\/en\\\/?s={search_term_string}\"},\"query-input\":{\"@type\":\"PropertyValueSpecification\",\"valueRequired\":true,\"valueName\":\"search_term_string\"}}],\"inLanguage\":\"en-US\"},{\"@type\":\"Organization\",\"@id\":\"https:\\\/\\\/cherryriver.ca\\\/en\\\/#organization\",\"name\":\"Cherry River\",\"url\":\"https:\\\/\\\/cherryriver.ca\\\/en\\\/\",\"logo\":{\"@type\":\"ImageObject\",\"inLanguage\":\"en-US\",\"@id\":\"https:\\\/\\\/cherryriver.ca\\\/en\\\/#\\\/schema\\\/logo\\\/image\\\/\",\"url\":\"https:\\\/\\\/cherryriver.ca\\\/wp-content\\\/uploads\\\/2025\\\/01\\\/cherry-river-logo-blanc.svg\",\"contentUrl\":\"https:\\\/\\\/cherryriver.ca\\\/wp-content\\\/uploads\\\/2025\\\/01\\\/cherry-river-logo-blanc.svg\",\"width\":2709,\"height\":697,\"caption\":\"Cherry River\"},\"image\":{\"@id\":\"https:\\\/\\\/cherryriver.ca\\\/en\\\/#\\\/schema\\\/logo\\\/image\\\/\"}}]}<\/script>\n<meta property=\"product:price:amount\" content=\"8.99\" \/>\n<meta property=\"product:price:currency\" content=\"CAD\" \/>\n<meta property=\"og:availability\" content=\"instock\" \/>\n<meta property=\"product:availability\" content=\"instock\" \/>\n<meta property=\"product:condition\" content=\"new\" \/>\n<!-- \/ Yoast SEO Premium plugin. -->","yoast_head_json":{"title":"Club Soda Cherry River: Rafra\u00eechissez votre moment - Cherry River","description":"Rafra\u00eechissez votre journ\u00e9e avec le Club Soda Cherry River, une eau p\u00e9tillante parfaite pour vos cocktails et moments de d\u00e9tente. D\u00e9gustez-le maintenant !","robots":{"index":"index","follow":"follow","max-snippet":"max-snippet:-1","max-image-preview":"max-image-preview:large","max-video-preview":"max-video-preview:-1"},"canonical":"https:\/\/cherryriver.ca\/en\/produit\/club-soda\/","og_locale":"en_US","og_type":"article","og_title":"Club Soda","og_description":"Rafra\u00eechissez votre journ\u00e9e avec le Club Soda Cherry River, une eau p\u00e9tillante parfaite pour vos cocktails et moments de d\u00e9tente. D\u00e9gustez-le maintenant !","og_url":"https:\/\/cherryriver.ca\/en\/produit\/club-soda\/","og_site_name":"Cherry River","article_modified_time":"2025-07-08T18:58:34+00:00","og_image":[{"width":1038,"height":2560,"url":"https:\/\/cherryriver.ca\/wp-content\/uploads\/2025\/05\/CherryRiver_200mL_ClubSoda-scaled.png","type":"image\/png"}],"twitter_card":"summary_large_image","twitter_misc":{"Price":"&#36;8.99","Availability":"In stock"},"schema":{"@context":"https:\/\/schema.org","@graph":[{"@type":"WebPage","@id":"https:\/\/cherryriver.ca\/en\/produit\/club-soda\/","url":"https:\/\/cherryriver.ca\/en\/produit\/club-soda\/","name":"Club Soda Cherry River: Rafra\u00eechissez votre moment - Cherry River","isPartOf":{"@id":"https:\/\/cherryriver.ca\/en\/#website"},"primaryImageOfPage":{"@id":"https:\/\/cherryriver.ca\/en\/produit\/club-soda\/#primaryimage"},"image":{"@id":"https:\/\/cherryriver.ca\/en\/produit\/club-soda\/#primaryimage"},"thumbnailUrl":"https:\/\/cherryriver.ca\/wp-content\/uploads\/2025\/05\/CherryRiver_200mL_ClubSoda-scaled.png","datePublished":"2025-05-01T17:16:59+00:00","dateModified":"2025-07-08T18:58:34+00:00","description":"Rafra\u00eechissez votre journ\u00e9e avec le Club Soda Cherry River, une eau p\u00e9tillante parfaite pour vos cocktails et moments de d\u00e9tente. D\u00e9gustez-le maintenant !","breadcrumb":{"@id":"https:\/\/cherryriver.ca\/en\/produit\/club-soda\/#breadcrumb"},"inLanguage":"en-US","potentialAction":[{"@type":"ReadAction","target":["https:\/\/cherryriver.ca\/en\/produit\/club-soda\/"]}]},{"@type":"ImageObject","inLanguage":"en-US","@id":"https:\/\/cherryriver.ca\/en\/produit\/club-soda\/#primaryimage","url":"https:\/\/cherryriver.ca\/wp-content\/uploads\/2025\/05\/CherryRiver_200mL_ClubSoda-scaled.png","contentUrl":"https:\/\/cherryriver.ca\/wp-content\/uploads\/2025\/05\/CherryRiver_200mL_ClubSoda-scaled.png","width":1038,"height":2560},{"@type":"BreadcrumbList","@id":"https:\/\/cherryriver.ca\/en\/produit\/club-soda\/#breadcrumb","itemListElement":[{"@type":"ListItem","position":1,"name":"Accueil","item":"https:\/\/cherryriver.ca\/en\/"},{"@type":"ListItem","position":2,"name":"Shop","item":"https:\/\/cherryriver.ca\/en\/shop\/"},{"@type":"ListItem","position":3,"name":"Club Soda"}]},{"@type":"WebSite","@id":"https:\/\/cherryriver.ca\/en\/#website","url":"https:\/\/cherryriver.ca\/en\/","name":"Cherry River","description":"Distillerie \u00e0 Magog et Qu\u00e9bec","publisher":{"@id":"https:\/\/cherryriver.ca\/en\/#organization"},"potentialAction":[{"@type":"SearchAction","target":{"@type":"EntryPoint","urlTemplate":"https:\/\/cherryriver.ca\/en\/?s={search_term_string}"},"query-input":{"@type":"PropertyValueSpecification","valueRequired":true,"valueName":"search_term_string"}}],"inLanguage":"en-US"},{"@type":"Organization","@id":"https:\/\/cherryriver.ca\/en\/#organization","name":"Cherry River","url":"https:\/\/cherryriver.ca\/en\/","logo":{"@type":"ImageObject","inLanguage":"en-US","@id":"https:\/\/cherryriver.ca\/en\/#\/schema\/logo\/image\/","url":"https:\/\/cherryriver.ca\/wp-content\/uploads\/2025\/01\/cherry-river-logo-blanc.svg","contentUrl":"https:\/\/cherryriver.ca\/wp-content\/uploads\/2025\/01\/cherry-river-logo-blanc.svg","width":2709,"height":697,"caption":"Cherry River"},"image":{"@id":"https:\/\/cherryriver.ca\/en\/#\/schema\/logo\/image\/"}}]},"product_price_amount":"8.99","product_price_currency":"CAD","og_availability":"instock","product_availability":"instock","product_condition":"new"},"_links":{"self":[{"href":"https:\/\/cherryriver.ca\/en\/wp-json\/wp\/v2\/product\/2130","targetHints":{"allow":["GET"]}}],"collection":[{"href":"https:\/\/cherryriver.ca\/en\/wp-json\/wp\/v2\/product"}],"about":[{"href":"https:\/\/cherryriver.ca\/en\/wp-json\/wp\/v2\/types\/product"}],"wp:featuredmedia":[{"embeddable":true,"href":"https:\/\/cherryriver.ca\/en\/wp-json\/wp\/v2\/media\/2131"}],"wp:attachment":[{"href":"https:\/\/cherryriver.ca\/en\/wp-json\/wp\/v2\/media?parent=2130"}],"wp:term":[{"taxonomy":"product_brand","embeddable":true,"href":"https:\/\/cherryriver.ca\/en\/wp-json\/wp\/v2\/product_brand?post=2130"},{"taxonomy":"product_cat","embeddable":true,"href":"https:\/\/cherryriver.ca\/en\/wp-json\/wp\/v2\/product_cat?post=2130"},{"taxonomy":"product_tag","embeddable":true,"href":"https:\/\/cherryriver.ca\/en\/wp-json\/wp\/v2\/product_tag?post=2130"}],"curies":[{"name":"wp","href":"https:\/\/api.w.org\/{rel}","templated":true}]}}