{"id":2133,"date":"2025-05-01T13:17:43","date_gmt":"2025-05-01T17:17:43","guid":{"rendered":"https:\/\/staging2024.cherryriver.ca\/?post_type=product&#038;p=2133"},"modified":"2025-07-08T14:14:56","modified_gmt":"2025-07-08T18:14:56","slug":"ginger-ale","status":"publish","type":"product","link":"https:\/\/cherryriver.ca\/en\/produit\/ginger-ale\/","title":{"rendered":"Ginger Ale"},"content":{"rendered":"","protected":false},"excerpt":{"rendered":"<div>\n<div>Savourez le go\u00fbt vif et naturellement \u00e9pic\u00e9 du Ginger Ale Cherry River. \u00c9labor\u00e9 avec un extrait de gingembre de qualit\u00e9 sup\u00e9rieure, il offre une effervescence douce et une finale l\u00e9g\u00e8rement chaleureuse. Id\u00e9al \u00e0 d\u00e9guster seul pour un rafra\u00eechissement authentique ou comme base de choix pour vos cocktails pr\u00e9f\u00e9r\u00e9s.<\/div>\n<div><\/div>\n<\/div>\n","protected":false},"featured_media":2134,"template":"","meta":{"_acf_changed":false},"product_brand":[],"product_cat":[469],"product_tag":[],"class_list":{"0":"post-2133","1":"product","2":"type-product","3":"status-publish","4":"has-post-thumbnail","6":"product_cat-allongeurs-petillants","8":"first","9":"instock","10":"taxable","11":"shipping-taxable","12":"purchasable","13":"product-type-simple"},"acf":[],"yoast_head":"<!-- This site is optimized with the Yoast SEO Premium plugin v27.2 (Yoast SEO v27.3) - https:\/\/yoast.com\/product\/yoast-seo-premium-wordpress\/ -->\n<title>Ginger Ale Cherry River: Saveur \u00c9pic\u00e9e et Rafra\u00eechissante - Cherry River<\/title>\n<meta name=\"description\" content=\"D\u00e9couvrez le go\u00fbt vibrant et \u00e9pic\u00e9 du Ginger Ale Cherry River. Parfait pour rafra\u00eechir vos moments ou pour vos cocktails pr\u00e9f\u00e9r\u00e9s ! \ud83c\udf79\" \/>\n<meta name=\"robots\" content=\"index, follow, max-snippet:-1, max-image-preview:large, max-video-preview:-1\" \/>\n<link rel=\"canonical\" href=\"https:\/\/cherryriver.ca\/en\/produit\/ginger-ale\/\" \/>\n<meta property=\"og:locale\" content=\"en_US\" \/>\n<meta property=\"og:type\" content=\"article\" \/>\n<meta property=\"og:title\" content=\"Ginger Ale\" \/>\n<meta property=\"og:description\" content=\"D\u00e9couvrez le go\u00fbt vibrant et \u00e9pic\u00e9 du Ginger Ale Cherry River. Parfait pour rafra\u00eechir vos moments ou pour vos cocktails pr\u00e9f\u00e9r\u00e9s ! \ud83c\udf79\" \/>\n<meta property=\"og:url\" content=\"https:\/\/cherryriver.ca\/en\/produit\/ginger-ale\/\" \/>\n<meta property=\"og:site_name\" content=\"Cherry River\" \/>\n<meta property=\"article:modified_time\" content=\"2025-07-08T18:14:56+00:00\" \/>\n<meta property=\"og:image\" content=\"https:\/\/cherryriver.ca\/wp-content\/uploads\/2025\/05\/CherryRiver_200mL_GingerAle-scaled.png\" \/>\n\t<meta property=\"og:image:width\" content=\"1038\" \/>\n\t<meta property=\"og:image:height\" content=\"2560\" \/>\n\t<meta property=\"og:image:type\" content=\"image\/png\" \/>\n<meta name=\"twitter:card\" content=\"summary_large_image\" \/>\n<meta name=\"twitter:label1\" content=\"Price\" \/>\n\t<meta name=\"twitter:data1\" content=\"&#036;8.99\" \/>\n\t<meta name=\"twitter:label2\" content=\"Availability\" \/>\n\t<meta name=\"twitter:data2\" content=\"In stock\" \/>\n<script type=\"application\/ld+json\" class=\"yoast-schema-graph\">{\"@context\":\"https:\\\/\\\/schema.org\",\"@graph\":[{\"@type\":\"WebPage\",\"@id\":\"https:\\\/\\\/cherryriver.ca\\\/en\\\/produit\\\/ginger-ale\\\/\",\"url\":\"https:\\\/\\\/cherryriver.ca\\\/en\\\/produit\\\/ginger-ale\\\/\",\"name\":\"Ginger Ale Cherry River: Saveur \u00c9pic\u00e9e et Rafra\u00eechissante - Cherry River\",\"isPartOf\":{\"@id\":\"https:\\\/\\\/cherryriver.ca\\\/en\\\/#website\"},\"primaryImageOfPage\":{\"@id\":\"https:\\\/\\\/cherryriver.ca\\\/en\\\/produit\\\/ginger-ale\\\/#primaryimage\"},\"image\":{\"@id\":\"https:\\\/\\\/cherryriver.ca\\\/en\\\/produit\\\/ginger-ale\\\/#primaryimage\"},\"thumbnailUrl\":\"https:\\\/\\\/cherryriver.ca\\\/wp-content\\\/uploads\\\/2025\\\/05\\\/CherryRiver_200mL_GingerAle-scaled.png\",\"datePublished\":\"2025-05-01T17:17:43+00:00\",\"dateModified\":\"2025-07-08T18:14:56+00:00\",\"description\":\"D\u00e9couvrez le go\u00fbt vibrant et \u00e9pic\u00e9 du Ginger Ale Cherry River. Parfait pour rafra\u00eechir vos moments ou pour vos cocktails pr\u00e9f\u00e9r\u00e9s ! \ud83c\udf79\",\"breadcrumb\":{\"@id\":\"https:\\\/\\\/cherryriver.ca\\\/en\\\/produit\\\/ginger-ale\\\/#breadcrumb\"},\"inLanguage\":\"en-US\",\"potentialAction\":[{\"@type\":\"ReadAction\",\"target\":[\"https:\\\/\\\/cherryriver.ca\\\/en\\\/produit\\\/ginger-ale\\\/\"]}]},{\"@type\":\"ImageObject\",\"inLanguage\":\"en-US\",\"@id\":\"https:\\\/\\\/cherryriver.ca\\\/en\\\/produit\\\/ginger-ale\\\/#primaryimage\",\"url\":\"https:\\\/\\\/cherryriver.ca\\\/wp-content\\\/uploads\\\/2025\\\/05\\\/CherryRiver_200mL_GingerAle-scaled.png\",\"contentUrl\":\"https:\\\/\\\/cherryriver.ca\\\/wp-content\\\/uploads\\\/2025\\\/05\\\/CherryRiver_200mL_GingerAle-scaled.png\",\"width\":1038,\"height\":2560},{\"@type\":\"BreadcrumbList\",\"@id\":\"https:\\\/\\\/cherryriver.ca\\\/en\\\/produit\\\/ginger-ale\\\/#breadcrumb\",\"itemListElement\":[{\"@type\":\"ListItem\",\"position\":1,\"name\":\"Accueil\",\"item\":\"https:\\\/\\\/cherryriver.ca\\\/en\\\/\"},{\"@type\":\"ListItem\",\"position\":2,\"name\":\"Shop\",\"item\":\"https:\\\/\\\/cherryriver.ca\\\/en\\\/shop\\\/\"},{\"@type\":\"ListItem\",\"position\":3,\"name\":\"Ginger Ale\"}]},{\"@type\":\"WebSite\",\"@id\":\"https:\\\/\\\/cherryriver.ca\\\/en\\\/#website\",\"url\":\"https:\\\/\\\/cherryriver.ca\\\/en\\\/\",\"name\":\"Cherry River\",\"description\":\"Distillerie \u00e0 Magog et Qu\u00e9bec\",\"publisher\":{\"@id\":\"https:\\\/\\\/cherryriver.ca\\\/en\\\/#organization\"},\"potentialAction\":[{\"@type\":\"SearchAction\",\"target\":{\"@type\":\"EntryPoint\",\"urlTemplate\":\"https:\\\/\\\/cherryriver.ca\\\/en\\\/?s={search_term_string}\"},\"query-input\":{\"@type\":\"PropertyValueSpecification\",\"valueRequired\":true,\"valueName\":\"search_term_string\"}}],\"inLanguage\":\"en-US\"},{\"@type\":\"Organization\",\"@id\":\"https:\\\/\\\/cherryriver.ca\\\/en\\\/#organization\",\"name\":\"Cherry River\",\"url\":\"https:\\\/\\\/cherryriver.ca\\\/en\\\/\",\"logo\":{\"@type\":\"ImageObject\",\"inLanguage\":\"en-US\",\"@id\":\"https:\\\/\\\/cherryriver.ca\\\/en\\\/#\\\/schema\\\/logo\\\/image\\\/\",\"url\":\"https:\\\/\\\/cherryriver.ca\\\/wp-content\\\/uploads\\\/2025\\\/01\\\/cherry-river-logo-blanc.svg\",\"contentUrl\":\"https:\\\/\\\/cherryriver.ca\\\/wp-content\\\/uploads\\\/2025\\\/01\\\/cherry-river-logo-blanc.svg\",\"width\":2709,\"height\":697,\"caption\":\"Cherry River\"},\"image\":{\"@id\":\"https:\\\/\\\/cherryriver.ca\\\/en\\\/#\\\/schema\\\/logo\\\/image\\\/\"}}]}<\/script>\n<meta property=\"product:price:amount\" content=\"8.99\" \/>\n<meta property=\"product:price:currency\" content=\"CAD\" \/>\n<meta property=\"og:availability\" content=\"instock\" \/>\n<meta property=\"product:availability\" content=\"instock\" \/>\n<meta property=\"product:condition\" content=\"new\" \/>\n<!-- \/ Yoast SEO Premium plugin. -->","yoast_head_json":{"title":"Ginger Ale Cherry River: Saveur \u00c9pic\u00e9e et Rafra\u00eechissante - Cherry River","description":"D\u00e9couvrez le go\u00fbt vibrant et \u00e9pic\u00e9 du Ginger Ale Cherry River. Parfait pour rafra\u00eechir vos moments ou pour vos cocktails pr\u00e9f\u00e9r\u00e9s ! \ud83c\udf79","robots":{"index":"index","follow":"follow","max-snippet":"max-snippet:-1","max-image-preview":"max-image-preview:large","max-video-preview":"max-video-preview:-1"},"canonical":"https:\/\/cherryriver.ca\/en\/produit\/ginger-ale\/","og_locale":"en_US","og_type":"article","og_title":"Ginger Ale","og_description":"D\u00e9couvrez le go\u00fbt vibrant et \u00e9pic\u00e9 du Ginger Ale Cherry River. Parfait pour rafra\u00eechir vos moments ou pour vos cocktails pr\u00e9f\u00e9r\u00e9s ! \ud83c\udf79","og_url":"https:\/\/cherryriver.ca\/en\/produit\/ginger-ale\/","og_site_name":"Cherry River","article_modified_time":"2025-07-08T18:14:56+00:00","og_image":[{"width":1038,"height":2560,"url":"https:\/\/cherryriver.ca\/wp-content\/uploads\/2025\/05\/CherryRiver_200mL_GingerAle-scaled.png","type":"image\/png"}],"twitter_card":"summary_large_image","twitter_misc":{"Price":"&#36;8.99","Availability":"In stock"},"schema":{"@context":"https:\/\/schema.org","@graph":[{"@type":"WebPage","@id":"https:\/\/cherryriver.ca\/en\/produit\/ginger-ale\/","url":"https:\/\/cherryriver.ca\/en\/produit\/ginger-ale\/","name":"Ginger Ale Cherry River: Saveur \u00c9pic\u00e9e et Rafra\u00eechissante - Cherry River","isPartOf":{"@id":"https:\/\/cherryriver.ca\/en\/#website"},"primaryImageOfPage":{"@id":"https:\/\/cherryriver.ca\/en\/produit\/ginger-ale\/#primaryimage"},"image":{"@id":"https:\/\/cherryriver.ca\/en\/produit\/ginger-ale\/#primaryimage"},"thumbnailUrl":"https:\/\/cherryriver.ca\/wp-content\/uploads\/2025\/05\/CherryRiver_200mL_GingerAle-scaled.png","datePublished":"2025-05-01T17:17:43+00:00","dateModified":"2025-07-08T18:14:56+00:00","description":"D\u00e9couvrez le go\u00fbt vibrant et \u00e9pic\u00e9 du Ginger Ale Cherry River. Parfait pour rafra\u00eechir vos moments ou pour vos cocktails pr\u00e9f\u00e9r\u00e9s ! \ud83c\udf79","breadcrumb":{"@id":"https:\/\/cherryriver.ca\/en\/produit\/ginger-ale\/#breadcrumb"},"inLanguage":"en-US","potentialAction":[{"@type":"ReadAction","target":["https:\/\/cherryriver.ca\/en\/produit\/ginger-ale\/"]}]},{"@type":"ImageObject","inLanguage":"en-US","@id":"https:\/\/cherryriver.ca\/en\/produit\/ginger-ale\/#primaryimage","url":"https:\/\/cherryriver.ca\/wp-content\/uploads\/2025\/05\/CherryRiver_200mL_GingerAle-scaled.png","contentUrl":"https:\/\/cherryriver.ca\/wp-content\/uploads\/2025\/05\/CherryRiver_200mL_GingerAle-scaled.png","width":1038,"height":2560},{"@type":"BreadcrumbList","@id":"https:\/\/cherryriver.ca\/en\/produit\/ginger-ale\/#breadcrumb","itemListElement":[{"@type":"ListItem","position":1,"name":"Accueil","item":"https:\/\/cherryriver.ca\/en\/"},{"@type":"ListItem","position":2,"name":"Shop","item":"https:\/\/cherryriver.ca\/en\/shop\/"},{"@type":"ListItem","position":3,"name":"Ginger Ale"}]},{"@type":"WebSite","@id":"https:\/\/cherryriver.ca\/en\/#website","url":"https:\/\/cherryriver.ca\/en\/","name":"Cherry River","description":"Distillerie \u00e0 Magog et Qu\u00e9bec","publisher":{"@id":"https:\/\/cherryriver.ca\/en\/#organization"},"potentialAction":[{"@type":"SearchAction","target":{"@type":"EntryPoint","urlTemplate":"https:\/\/cherryriver.ca\/en\/?s={search_term_string}"},"query-input":{"@type":"PropertyValueSpecification","valueRequired":true,"valueName":"search_term_string"}}],"inLanguage":"en-US"},{"@type":"Organization","@id":"https:\/\/cherryriver.ca\/en\/#organization","name":"Cherry River","url":"https:\/\/cherryriver.ca\/en\/","logo":{"@type":"ImageObject","inLanguage":"en-US","@id":"https:\/\/cherryriver.ca\/en\/#\/schema\/logo\/image\/","url":"https:\/\/cherryriver.ca\/wp-content\/uploads\/2025\/01\/cherry-river-logo-blanc.svg","contentUrl":"https:\/\/cherryriver.ca\/wp-content\/uploads\/2025\/01\/cherry-river-logo-blanc.svg","width":2709,"height":697,"caption":"Cherry River"},"image":{"@id":"https:\/\/cherryriver.ca\/en\/#\/schema\/logo\/image\/"}}]},"product_price_amount":"8.99","product_price_currency":"CAD","og_availability":"instock","product_availability":"instock","product_condition":"new"},"_links":{"self":[{"href":"https:\/\/cherryriver.ca\/en\/wp-json\/wp\/v2\/product\/2133","targetHints":{"allow":["GET"]}}],"collection":[{"href":"https:\/\/cherryriver.ca\/en\/wp-json\/wp\/v2\/product"}],"about":[{"href":"https:\/\/cherryriver.ca\/en\/wp-json\/wp\/v2\/types\/product"}],"wp:featuredmedia":[{"embeddable":true,"href":"https:\/\/cherryriver.ca\/en\/wp-json\/wp\/v2\/media\/2134"}],"wp:attachment":[{"href":"https:\/\/cherryriver.ca\/en\/wp-json\/wp\/v2\/media?parent=2133"}],"wp:term":[{"taxonomy":"product_brand","embeddable":true,"href":"https:\/\/cherryriver.ca\/en\/wp-json\/wp\/v2\/product_brand?post=2133"},{"taxonomy":"product_cat","embeddable":true,"href":"https:\/\/cherryriver.ca\/en\/wp-json\/wp\/v2\/product_cat?post=2133"},{"taxonomy":"product_tag","embeddable":true,"href":"https:\/\/cherryriver.ca\/en\/wp-json\/wp\/v2\/product_tag?post=2133"}],"curies":[{"name":"wp","href":"https:\/\/api.w.org\/{rel}","templated":true}]}}