{"id":4590,"date":"2025-10-12T16:49:42","date_gmt":"2025-10-12T20:49:42","guid":{"rendered":"https:\/\/cherryriver.ca\/?post_type=product&#038;p=4590"},"modified":"2026-02-27T17:19:13","modified_gmt":"2026-02-27T22:19:13","slug":"calendrier-de-lavent-2025","status":"publish","type":"product","link":"https:\/\/cherryriver.ca\/en\/produit\/calendrier-de-lavent-2025\/","title":{"rendered":"Calendrier de l&#8217;avent &#8211; 2025"},"content":{"rendered":"<p data-start=\"266\" data-end=\"695\">\ud83c\udf81 Calendrier de l\u2019Avent Cherry River<\/p>\n<p data-start=\"266\" data-end=\"695\">Plongez dans la magie du temps des f\u00eates avec notre <strong data-start=\"318\" data-end=\"356\">calendrier de l\u2019Avent Cherry River<\/strong>, une exp\u00e9rience unique qui met en vedette <strong data-start=\"399\" data-end=\"433\">24 petites bouteilles de 50 ml<\/strong> de nos spiritueux et sirops simples artisanaux.<br data-start=\"480\" data-end=\"483\" \/>Chaque jour, d\u00e9couvrez une nouvelle cr\u00e9ation de notre distillerie : gins, vodkas, rhums, liqueurs et autres exclusivit\u00e9s, soigneusement s\u00e9lectionn\u00e9s pour vous faire vivre la richesse de nos saveurs qu\u00e9b\u00e9coises.<\/p>\n<p data-start=\"697\" data-end=\"848\">C\u2019est le cadeau parfait pour les amateurs de d\u00e9couvertes, les passionn\u00e9s de spiritueux ou simplement pour se faire plaisir tout au long de d\u00e9cembre !<\/p>\n<p data-start=\"850\" data-end=\"990\">\u2728 <strong data-start=\"852\" data-end=\"901\">24 jours. 24 saveurs. 24 raisons de c\u00e9l\u00e9brer.<\/strong><br data-start=\"901\" data-end=\"904\" \/>Une exp\u00e9rience \u00e0 savourer du premier au dernier jour de l\u2019avent \u2014 sign\u00e9e Cherry River<\/p>\n<ul data-start=\"910\" data-end=\"1188\">\n<li data-start=\"978\" data-end=\"1110\">\n<p data-start=\"980\" data-end=\"1110\"><strong data-start=\"980\" data-end=\"1010\">Aucune livraison possible.<\/strong> Le calendrier doit \u00eatre <strong data-start=\"1035\" data-end=\"1078\">r\u00e9cup\u00e9r\u00e9 dans l\u2019une de nos distilleries<\/strong>, \u00e0 <strong data-start=\"1082\" data-end=\"1091\">Magog<\/strong> ou \u00e0 <strong data-start=\"1097\" data-end=\"1107\">Qu\u00e9bec<\/strong>.<\/p>\n<\/li>\n<li data-start=\"978\" data-end=\"1110\">Disponible \u00e9galement pour un achat sur place dans nos distilleries!<\/li>\n<\/ul>\n","protected":false},"excerpt":{"rendered":"<p>\ud83c\udf81 Calendrier de l\u2019Avent Cherry River Plongez dans la magie du temps des f\u00eates avec notre calendrier de l\u2019Avent Cherry River, une exp\u00e9rience unique qui met en vedette 24 petites bouteilles de 50 ml de nos spiritueux et sirops simples artisanaux.Chaque jour, d\u00e9couvrez une nouvelle cr\u00e9ation de notre distillerie : gins, vodkas, rhums, liqueurs et&#8230;<\/p>\n","protected":false},"featured_media":5391,"template":"","meta":{"_acf_changed":false},"product_brand":[],"product_cat":[727],"product_tag":[],"class_list":{"0":"post-4590","1":"product","2":"type-product","3":"status-publish","4":"has-post-thumbnail","6":"product_cat-calendrier-de-lavent","7":"product_shipping_class-gratuit-en","9":"first","10":"outofstock","11":"taxable","12":"shipping-taxable","13":"purchasable","14":"product-type-simple"},"acf":[],"yoast_head":"<!-- This site is optimized with the Yoast SEO Premium plugin v27.2 (Yoast SEO v27.3) - https:\/\/yoast.com\/product\/yoast-seo-premium-wordpress\/ -->\n<title>Calendrier de l&#039;avent - 2025 - Cherry River<\/title>\n<meta name=\"robots\" content=\"index, follow, max-snippet:-1, max-image-preview:large, max-video-preview:-1\" \/>\n<link rel=\"canonical\" href=\"https:\/\/cherryriver.ca\/en\/produit\/calendrier-de-lavent-2025\/\" \/>\n<meta property=\"og:locale\" content=\"en_US\" \/>\n<meta property=\"og:type\" content=\"article\" \/>\n<meta property=\"og:title\" content=\"Calendrier de l&#039;avent - 2025\" \/>\n<meta property=\"og:description\" content=\"\ud83c\udf81 Calendrier de l\u2019Avent Cherry River Plongez dans la magie du temps des f\u00eates avec notre calendrier de l\u2019Avent Cherry River, une exp\u00e9rience unique qui met en vedette 24 petites bouteilles de 50 ml de nos spiritueux et sirops simples artisanaux.Chaque jour, d\u00e9couvrez une nouvelle cr\u00e9ation de notre distillerie : gins, vodkas, rhums, liqueurs et...\" \/>\n<meta property=\"og:url\" content=\"https:\/\/cherryriver.ca\/en\/produit\/calendrier-de-lavent-2025\/\" \/>\n<meta property=\"og:site_name\" content=\"Cherry River\" \/>\n<meta property=\"article:modified_time\" content=\"2026-02-27T22:19:13+00:00\" \/>\n<meta property=\"og:image\" content=\"https:\/\/cherryriver.ca\/wp-content\/uploads\/2025\/10\/ID9A0458-scaled.jpg\" \/>\n\t<meta property=\"og:image:width\" content=\"1707\" \/>\n\t<meta property=\"og:image:height\" content=\"2560\" \/>\n\t<meta property=\"og:image:type\" content=\"image\/jpeg\" \/>\n<meta name=\"twitter:card\" content=\"summary_large_image\" \/>\n<meta name=\"twitter:label1\" content=\"Price\" \/>\n\t<meta name=\"twitter:data1\" content=\"&#036;149.99\" \/>\n\t<meta name=\"twitter:label2\" content=\"Availability\" \/>\n\t<meta name=\"twitter:data2\" content=\"Out of stock\" \/>\n<script type=\"application\/ld+json\" class=\"yoast-schema-graph\">{\"@context\":\"https:\\\/\\\/schema.org\",\"@graph\":[{\"@type\":\"WebPage\",\"@id\":\"https:\\\/\\\/cherryriver.ca\\\/en\\\/produit\\\/calendrier-de-lavent-2025\\\/\",\"url\":\"https:\\\/\\\/cherryriver.ca\\\/en\\\/produit\\\/calendrier-de-lavent-2025\\\/\",\"name\":\"Calendrier de l'avent - 2025 - Cherry River\",\"isPartOf\":{\"@id\":\"https:\\\/\\\/cherryriver.ca\\\/en\\\/#website\"},\"primaryImageOfPage\":{\"@id\":\"https:\\\/\\\/cherryriver.ca\\\/en\\\/produit\\\/calendrier-de-lavent-2025\\\/#primaryimage\"},\"image\":{\"@id\":\"https:\\\/\\\/cherryriver.ca\\\/en\\\/produit\\\/calendrier-de-lavent-2025\\\/#primaryimage\"},\"thumbnailUrl\":\"https:\\\/\\\/cherryriver.ca\\\/wp-content\\\/uploads\\\/2025\\\/10\\\/ID9A0458-scaled.jpg\",\"datePublished\":\"2025-10-12T20:49:42+00:00\",\"dateModified\":\"2026-02-27T22:19:13+00:00\",\"breadcrumb\":{\"@id\":\"https:\\\/\\\/cherryriver.ca\\\/en\\\/produit\\\/calendrier-de-lavent-2025\\\/#breadcrumb\"},\"inLanguage\":\"en-US\",\"potentialAction\":[{\"@type\":\"ReadAction\",\"target\":[\"https:\\\/\\\/cherryriver.ca\\\/en\\\/produit\\\/calendrier-de-lavent-2025\\\/\"]}]},{\"@type\":\"ImageObject\",\"inLanguage\":\"en-US\",\"@id\":\"https:\\\/\\\/cherryriver.ca\\\/en\\\/produit\\\/calendrier-de-lavent-2025\\\/#primaryimage\",\"url\":\"https:\\\/\\\/cherryriver.ca\\\/wp-content\\\/uploads\\\/2025\\\/10\\\/ID9A0458-scaled.jpg\",\"contentUrl\":\"https:\\\/\\\/cherryriver.ca\\\/wp-content\\\/uploads\\\/2025\\\/10\\\/ID9A0458-scaled.jpg\",\"width\":1707,\"height\":2560},{\"@type\":\"BreadcrumbList\",\"@id\":\"https:\\\/\\\/cherryriver.ca\\\/en\\\/produit\\\/calendrier-de-lavent-2025\\\/#breadcrumb\",\"itemListElement\":[{\"@type\":\"ListItem\",\"position\":1,\"name\":\"Accueil\",\"item\":\"https:\\\/\\\/cherryriver.ca\\\/en\\\/\"},{\"@type\":\"ListItem\",\"position\":2,\"name\":\"Shop\",\"item\":\"https:\\\/\\\/cherryriver.ca\\\/en\\\/shop\\\/\"},{\"@type\":\"ListItem\",\"position\":3,\"name\":\"Calendrier de l&rsquo;avent &#8211; 2025\"}]},{\"@type\":\"WebSite\",\"@id\":\"https:\\\/\\\/cherryriver.ca\\\/en\\\/#website\",\"url\":\"https:\\\/\\\/cherryriver.ca\\\/en\\\/\",\"name\":\"Cherry River\",\"description\":\"Distillerie \u00e0 Magog et Qu\u00e9bec\",\"publisher\":{\"@id\":\"https:\\\/\\\/cherryriver.ca\\\/en\\\/#organization\"},\"potentialAction\":[{\"@type\":\"SearchAction\",\"target\":{\"@type\":\"EntryPoint\",\"urlTemplate\":\"https:\\\/\\\/cherryriver.ca\\\/en\\\/?s={search_term_string}\"},\"query-input\":{\"@type\":\"PropertyValueSpecification\",\"valueRequired\":true,\"valueName\":\"search_term_string\"}}],\"inLanguage\":\"en-US\"},{\"@type\":\"Organization\",\"@id\":\"https:\\\/\\\/cherryriver.ca\\\/en\\\/#organization\",\"name\":\"Cherry River\",\"url\":\"https:\\\/\\\/cherryriver.ca\\\/en\\\/\",\"logo\":{\"@type\":\"ImageObject\",\"inLanguage\":\"en-US\",\"@id\":\"https:\\\/\\\/cherryriver.ca\\\/en\\\/#\\\/schema\\\/logo\\\/image\\\/\",\"url\":\"https:\\\/\\\/cherryriver.ca\\\/wp-content\\\/uploads\\\/2025\\\/01\\\/cherry-river-logo-blanc.svg\",\"contentUrl\":\"https:\\\/\\\/cherryriver.ca\\\/wp-content\\\/uploads\\\/2025\\\/01\\\/cherry-river-logo-blanc.svg\",\"width\":2709,\"height\":697,\"caption\":\"Cherry River\"},\"image\":{\"@id\":\"https:\\\/\\\/cherryriver.ca\\\/en\\\/#\\\/schema\\\/logo\\\/image\\\/\"}}]}<\/script>\n<meta property=\"product:price:amount\" content=\"149.99\" \/>\n<meta property=\"product:price:currency\" content=\"CAD\" \/>\n<meta property=\"og:availability\" content=\"out of stock\" \/>\n<meta property=\"product:availability\" content=\"out of stock\" \/>\n<meta property=\"product:condition\" content=\"new\" \/>\n<!-- \/ Yoast SEO Premium plugin. -->","yoast_head_json":{"title":"Calendrier de l'avent - 2025 - Cherry River","robots":{"index":"index","follow":"follow","max-snippet":"max-snippet:-1","max-image-preview":"max-image-preview:large","max-video-preview":"max-video-preview:-1"},"canonical":"https:\/\/cherryriver.ca\/en\/produit\/calendrier-de-lavent-2025\/","og_locale":"en_US","og_type":"article","og_title":"Calendrier de l'avent - 2025","og_description":"\ud83c\udf81 Calendrier de l\u2019Avent Cherry River Plongez dans la magie du temps des f\u00eates avec notre calendrier de l\u2019Avent Cherry River, une exp\u00e9rience unique qui met en vedette 24 petites bouteilles de 50 ml de nos spiritueux et sirops simples artisanaux.Chaque jour, d\u00e9couvrez une nouvelle cr\u00e9ation de notre distillerie : gins, vodkas, rhums, liqueurs et...","og_url":"https:\/\/cherryriver.ca\/en\/produit\/calendrier-de-lavent-2025\/","og_site_name":"Cherry River","article_modified_time":"2026-02-27T22:19:13+00:00","og_image":[{"width":1707,"height":2560,"url":"https:\/\/cherryriver.ca\/wp-content\/uploads\/2025\/10\/ID9A0458-scaled.jpg","type":"image\/jpeg"}],"twitter_card":"summary_large_image","twitter_misc":{"Price":"&#36;149.99","Availability":"Out of stock"},"schema":{"@context":"https:\/\/schema.org","@graph":[{"@type":"WebPage","@id":"https:\/\/cherryriver.ca\/en\/produit\/calendrier-de-lavent-2025\/","url":"https:\/\/cherryriver.ca\/en\/produit\/calendrier-de-lavent-2025\/","name":"Calendrier de l'avent - 2025 - Cherry River","isPartOf":{"@id":"https:\/\/cherryriver.ca\/en\/#website"},"primaryImageOfPage":{"@id":"https:\/\/cherryriver.ca\/en\/produit\/calendrier-de-lavent-2025\/#primaryimage"},"image":{"@id":"https:\/\/cherryriver.ca\/en\/produit\/calendrier-de-lavent-2025\/#primaryimage"},"thumbnailUrl":"https:\/\/cherryriver.ca\/wp-content\/uploads\/2025\/10\/ID9A0458-scaled.jpg","datePublished":"2025-10-12T20:49:42+00:00","dateModified":"2026-02-27T22:19:13+00:00","breadcrumb":{"@id":"https:\/\/cherryriver.ca\/en\/produit\/calendrier-de-lavent-2025\/#breadcrumb"},"inLanguage":"en-US","potentialAction":[{"@type":"ReadAction","target":["https:\/\/cherryriver.ca\/en\/produit\/calendrier-de-lavent-2025\/"]}]},{"@type":"ImageObject","inLanguage":"en-US","@id":"https:\/\/cherryriver.ca\/en\/produit\/calendrier-de-lavent-2025\/#primaryimage","url":"https:\/\/cherryriver.ca\/wp-content\/uploads\/2025\/10\/ID9A0458-scaled.jpg","contentUrl":"https:\/\/cherryriver.ca\/wp-content\/uploads\/2025\/10\/ID9A0458-scaled.jpg","width":1707,"height":2560},{"@type":"BreadcrumbList","@id":"https:\/\/cherryriver.ca\/en\/produit\/calendrier-de-lavent-2025\/#breadcrumb","itemListElement":[{"@type":"ListItem","position":1,"name":"Accueil","item":"https:\/\/cherryriver.ca\/en\/"},{"@type":"ListItem","position":2,"name":"Shop","item":"https:\/\/cherryriver.ca\/en\/shop\/"},{"@type":"ListItem","position":3,"name":"Calendrier de l&rsquo;avent &#8211; 2025"}]},{"@type":"WebSite","@id":"https:\/\/cherryriver.ca\/en\/#website","url":"https:\/\/cherryriver.ca\/en\/","name":"Cherry River","description":"Distillerie \u00e0 Magog et Qu\u00e9bec","publisher":{"@id":"https:\/\/cherryriver.ca\/en\/#organization"},"potentialAction":[{"@type":"SearchAction","target":{"@type":"EntryPoint","urlTemplate":"https:\/\/cherryriver.ca\/en\/?s={search_term_string}"},"query-input":{"@type":"PropertyValueSpecification","valueRequired":true,"valueName":"search_term_string"}}],"inLanguage":"en-US"},{"@type":"Organization","@id":"https:\/\/cherryriver.ca\/en\/#organization","name":"Cherry River","url":"https:\/\/cherryriver.ca\/en\/","logo":{"@type":"ImageObject","inLanguage":"en-US","@id":"https:\/\/cherryriver.ca\/en\/#\/schema\/logo\/image\/","url":"https:\/\/cherryriver.ca\/wp-content\/uploads\/2025\/01\/cherry-river-logo-blanc.svg","contentUrl":"https:\/\/cherryriver.ca\/wp-content\/uploads\/2025\/01\/cherry-river-logo-blanc.svg","width":2709,"height":697,"caption":"Cherry River"},"image":{"@id":"https:\/\/cherryriver.ca\/en\/#\/schema\/logo\/image\/"}}]},"product_price_amount":"149.99","product_price_currency":"CAD","og_availability":"out of stock","product_availability":"out of stock","product_condition":"new"},"_links":{"self":[{"href":"https:\/\/cherryriver.ca\/en\/wp-json\/wp\/v2\/product\/4590","targetHints":{"allow":["GET"]}}],"collection":[{"href":"https:\/\/cherryriver.ca\/en\/wp-json\/wp\/v2\/product"}],"about":[{"href":"https:\/\/cherryriver.ca\/en\/wp-json\/wp\/v2\/types\/product"}],"wp:featuredmedia":[{"embeddable":true,"href":"https:\/\/cherryriver.ca\/en\/wp-json\/wp\/v2\/media\/5391"}],"wp:attachment":[{"href":"https:\/\/cherryriver.ca\/en\/wp-json\/wp\/v2\/media?parent=4590"}],"wp:term":[{"taxonomy":"product_brand","embeddable":true,"href":"https:\/\/cherryriver.ca\/en\/wp-json\/wp\/v2\/product_brand?post=4590"},{"taxonomy":"product_cat","embeddable":true,"href":"https:\/\/cherryriver.ca\/en\/wp-json\/wp\/v2\/product_cat?post=4590"},{"taxonomy":"product_tag","embeddable":true,"href":"https:\/\/cherryriver.ca\/en\/wp-json\/wp\/v2\/product_tag?post=4590"}],"curies":[{"name":"wp","href":"https:\/\/api.w.org\/{rel}","templated":true}]}}